{"id":2605,"date":"2024-10-15T12:31:48","date_gmt":"2024-10-15T15:31:48","guid":{"rendered":"http:\/\/hg-seguridad-industrial-281024.local\/?page_id=2605"},"modified":"2024-11-14T14:53:22","modified_gmt":"2024-11-14T17:53:22","slug":"faq","status":"publish","type":"page","link":"https:\/\/www.hgseguridadindustrial.com.ar\/wp\/faq\/","title":{"rendered":"FAQ"},"content":{"rendered":"<h2>FAQ<\/h2>\n<h2>Preguntas frecuentes<\/h2>\n<details id=\"e-n-accordion-item-8130\" open>\n<summary data-accordion-index=\"1\" tabindex=\"0\" aria-expanded=\"true\" aria-controls=\"e-n-accordion-item-8130\" >\n\t\t\t\t\t  \u00bfQu\u00e9 tipos de calzado venden?1<br \/>\n\t\t\t<svg aria-hidden=\"true\" viewBox=\"0 0 448 512\" xmlns=\"http:\/\/www.w3.org\/2000\/svg\"><path d=\"M416 208H32c-17.67 0-32 14.33-32 32v32c0 17.67 14.33 32 32 32h384c17.67 0 32-14.33 32-32v-32c0-17.67-14.33-32-32-32z\"><\/path><\/svg><br \/>\n\t\t\t<svg aria-hidden=\"true\" viewBox=\"0 0 448 512\" xmlns=\"http:\/\/www.w3.org\/2000\/svg\"><path d=\"M416 208H272V64c0-17.67-14.33-32-32-32h-32c-17.67 0-32 14.33-32 32v144H32c-17.67 0-32 14.33-32 32v32c0 17.67 14.33 32 32 32h144v144c0 17.67 14.33 32 32 32h32c17.67 0 32-14.33 32-32V304h144c17.67 0 32-14.33 32-32v-32c0-17.67-14.33-32-32-32z\"><\/path><\/svg><br \/>\n\t\t\t\t\t\t<\/summary>\n<p>Vendemos una amplia variedad de calzado especializado en seguridad y confort, incluyendo:<\/p>\n<ul>\n<li><strong>Botines de seguridad<\/strong> (para trabajo industrial, construcci\u00f3n, miner\u00eda, etc.)<\/li>\n<li><strong>Zapatos antideslizantes<\/strong> (para entornos laborales de alta exigencia)<\/li>\n<li><strong>Calzado de protecci\u00f3n para la salud<\/strong> (ideal para personal m\u00e9dico o de cocina)<\/li>\n<li><strong>Calzado casual<\/strong> (con caracter\u00edsticas de seguridad para el uso diario)<\/li>\n<\/ul>\n<\/details>\n<details id=\"e-n-accordion-item-8131\" >\n<summary data-accordion-index=\"2\" tabindex=\"-1\" aria-expanded=\"false\" aria-controls=\"e-n-accordion-item-8131\" >\n\t\t\t\t\t \u00bfQu\u00e9 significa que un calzado sea \u201cantiperforante\u00bb?<br \/>\n\t\t\t<svg aria-hidden=\"true\" viewBox=\"0 0 448 512\" xmlns=\"http:\/\/www.w3.org\/2000\/svg\"><path d=\"M416 208H32c-17.67 0-32 14.33-32 32v32c0 17.67 14.33 32 32 32h384c17.67 0 32-14.33 32-32v-32c0-17.67-14.33-32-32-32z\"><\/path><\/svg><br \/>\n\t\t\t<svg aria-hidden=\"true\" viewBox=\"0 0 448 512\" xmlns=\"http:\/\/www.w3.org\/2000\/svg\"><path d=\"M416 208H272V64c0-17.67-14.33-32-32-32h-32c-17.67 0-32 14.33-32 32v144H32c-17.67 0-32 14.33-32 32v32c0 17.67 14.33 32 32 32h144v144c0 17.67 14.33 32 32 32h32c17.67 0 32-14.33 32-32V304h144c17.67 0 32-14.33 32-32v-32c0-17.67-14.33-32-32-32z\"><\/path><\/svg><br \/>\n\t\t\t\t\t\t<\/summary>\n<p>El t\u00e9rmino &#8220;antiperforante&#8221; generalmente se refiere a calzado dise\u00f1ado con materiales resistentes que pueden proteger contra objetos punzantes o golpes.<\/p>\n<\/details>\n<details id=\"e-n-accordion-item-8132\" >\n<summary data-accordion-index=\"3\" tabindex=\"-1\" aria-expanded=\"false\" aria-controls=\"e-n-accordion-item-8132\" >\n\t\t\t\t\t \u00bfTienen talles grandes o especiales?<br \/>\n\t\t\t<svg aria-hidden=\"true\" viewBox=\"0 0 448 512\" xmlns=\"http:\/\/www.w3.org\/2000\/svg\"><path d=\"M416 208H32c-17.67 0-32 14.33-32 32v32c0 17.67 14.33 32 32 32h384c17.67 0 32-14.33 32-32v-32c0-17.67-14.33-32-32-32z\"><\/path><\/svg><br \/>\n\t\t\t<svg aria-hidden=\"true\" viewBox=\"0 0 448 512\" xmlns=\"http:\/\/www.w3.org\/2000\/svg\"><path d=\"M416 208H272V64c0-17.67-14.33-32-32-32h-32c-17.67 0-32 14.33-32 32v144H32c-17.67 0-32 14.33-32 32v32c0 17.67 14.33 32 32 32h144v144c0 17.67 14.33 32 32 32h32c17.67 0 32-14.33 32-32V304h144c17.67 0 32-14.33 32-32v-32c0-17.67-14.33-32-32-32z\"><\/path><\/svg><br \/>\n\t\t\t\t\t\t<\/summary>\n<p>S\u00ed, ofrecemos una amplia gama de tallas que incluyen desde las m\u00e1s comunes hasta tallas grandes (36 al 46). Si no encuentras tu talla, puedes contactarnos y haremos lo posible por conseguirla.<\/p>\n<\/details>\n<details id=\"e-n-accordion-item-8133\" >\n<summary data-accordion-index=\"4\" tabindex=\"-1\" aria-expanded=\"false\" aria-controls=\"e-n-accordion-item-8133\" >\n\t\t\t\t\t  \u00bfC\u00f3mo elijo el calzado adecuado para mi trabajo?<br \/>\n\t\t\t<svg aria-hidden=\"true\" viewBox=\"0 0 448 512\" xmlns=\"http:\/\/www.w3.org\/2000\/svg\"><path d=\"M416 208H32c-17.67 0-32 14.33-32 32v32c0 17.67 14.33 32 32 32h384c17.67 0 32-14.33 32-32v-32c0-17.67-14.33-32-32-32z\"><\/path><\/svg><br \/>\n\t\t\t<svg aria-hidden=\"true\" viewBox=\"0 0 448 512\" xmlns=\"http:\/\/www.w3.org\/2000\/svg\"><path d=\"M416 208H272V64c0-17.67-14.33-32-32-32h-32c-17.67 0-32 14.33-32 32v144H32c-17.67 0-32 14.33-32 32v32c0 17.67 14.33 32 32 32h144v144c0 17.67 14.33 32 32 32h32c17.67 0 32-14.33 32-32V304h144c17.67 0 32-14.33 32-32v-32c0-17.67-14.33-32-32-32z\"><\/path><\/svg><br \/>\n\t\t\t\t\t\t<\/summary>\n<p>Para elegir el calzado adecuado, te recomendamos tener en cuenta el tipo de trabajo que realizas, tus necesidades de seguridad (resistencia al agua, antideslizante, protecci\u00f3n contra ca\u00eddas de objetos, etc.) y la comodidad que necesitas. Si necesitas ayuda personalizada, no dudes en ponerte en contacto con nuestro equipo de atenci\u00f3n al cliente.<\/p>\n<\/details>\n<details id=\"e-n-accordion-item-8134\" >\n<summary data-accordion-index=\"5\" tabindex=\"-1\" aria-expanded=\"false\" aria-controls=\"e-n-accordion-item-8134\" >\n\t\t\t\t\t  \u00bfC\u00f3mo puedo saber mi talla de calzado?<br \/>\n\t\t\t<svg aria-hidden=\"true\" viewBox=\"0 0 448 512\" xmlns=\"http:\/\/www.w3.org\/2000\/svg\"><path d=\"M416 208H32c-17.67 0-32 14.33-32 32v32c0 17.67 14.33 32 32 32h384c17.67 0 32-14.33 32-32v-32c0-17.67-14.33-32-32-32z\"><\/path><\/svg><br \/>\n\t\t\t<svg aria-hidden=\"true\" viewBox=\"0 0 448 512\" xmlns=\"http:\/\/www.w3.org\/2000\/svg\"><path d=\"M416 208H272V64c0-17.67-14.33-32-32-32h-32c-17.67 0-32 14.33-32 32v144H32c-17.67 0-32 14.33-32 32v32c0 17.67 14.33 32 32 32h144v144c0 17.67 14.33 32 32 32h32c17.67 0 32-14.33 32-32V304h144c17.67 0 32-14.33 32-32v-32c0-17.67-14.33-32-32-32z\"><\/path><\/svg><br \/>\n\t\t\t\t\t\t<\/summary>\n<p>Te recomendamos revisar la gu\u00eda de tallas que aparece en cada producto. Si dudas entre dos tallas, te sugerimos optar por la talla superior si tu pie es m\u00e1s ancho o si utilizas plantillas ortop\u00e9dicas.<\/p>\n<\/details>\n<details id=\"e-n-accordion-item-8135\" >\n<summary data-accordion-index=\"6\" tabindex=\"-1\" aria-expanded=\"false\" aria-controls=\"e-n-accordion-item-8135\" >\n\t\t\t\t\t \u00bfCu\u00e1les son los m\u00e9todos de pago disponibles?<br \/>\n\t\t\t<svg aria-hidden=\"true\" viewBox=\"0 0 448 512\" xmlns=\"http:\/\/www.w3.org\/2000\/svg\"><path d=\"M416 208H32c-17.67 0-32 14.33-32 32v32c0 17.67 14.33 32 32 32h384c17.67 0 32-14.33 32-32v-32c0-17.67-14.33-32-32-32z\"><\/path><\/svg><br \/>\n\t\t\t<svg aria-hidden=\"true\" viewBox=\"0 0 448 512\" xmlns=\"http:\/\/www.w3.org\/2000\/svg\"><path d=\"M416 208H272V64c0-17.67-14.33-32-32-32h-32c-17.67 0-32 14.33-32 32v144H32c-17.67 0-32 14.33-32 32v32c0 17.67 14.33 32 32 32h144v144c0 17.67 14.33 32 32 32h32c17.67 0 32-14.33 32-32V304h144c17.67 0 32-14.33 32-32v-32c0-17.67-14.33-32-32-32z\"><\/path><\/svg><br \/>\n\t\t\t\t\t\t<\/summary>\n<p>Aceptamos varias formas de pago para tu comodidad, incluyendo:<\/p>\n<ul>\n<li>Tarjetas de cr\u00e9dito y d\u00e9bito (Visa y MasterCard)<\/li>\n<li>Transferencias bancarias<\/li>\n<li>Pago en efectivo en tiendas asociadas o puntos de pago<\/li>\n<\/ul>\n<\/details>\n<details id=\"e-n-accordion-item-8136\" >\n<summary data-accordion-index=\"7\" tabindex=\"-1\" aria-expanded=\"false\" aria-controls=\"e-n-accordion-item-8136\" >\n\t\t\t\t\t \u00bfCu\u00e1l es el costo de env\u00edo?<br \/>\n\t\t\t<svg aria-hidden=\"true\" viewBox=\"0 0 448 512\" xmlns=\"http:\/\/www.w3.org\/2000\/svg\"><path d=\"M416 208H32c-17.67 0-32 14.33-32 32v32c0 17.67 14.33 32 32 32h384c17.67 0 32-14.33 32-32v-32c0-17.67-14.33-32-32-32z\"><\/path><\/svg><br \/>\n\t\t\t<svg aria-hidden=\"true\" viewBox=\"0 0 448 512\" xmlns=\"http:\/\/www.w3.org\/2000\/svg\"><path d=\"M416 208H272V64c0-17.67-14.33-32-32-32h-32c-17.67 0-32 14.33-32 32v144H32c-17.67 0-32 14.33-32 32v32c0 17.67 14.33 32 32 32h144v144c0 17.67 14.33 32 32 32h32c17.67 0 32-14.33 32-32V304h144c17.67 0 32-14.33 32-32v-32c0-17.67-14.33-32-32-32z\"><\/path><\/svg><br \/>\n\t\t\t\t\t\t<\/summary>\n<p>El costo de env\u00edo depende de tu ubicaci\u00f3n y del peso del pedido. Ofrecemos env\u00edos gratuitos en Rosario. Puedes calcular el costo exacto de env\u00edo al finalizar tu compra.<\/p>\n<\/details>\n<details id=\"e-n-accordion-item-8137\" >\n<summary data-accordion-index=\"8\" tabindex=\"-1\" aria-expanded=\"false\" aria-controls=\"e-n-accordion-item-8137\" >\n\t\t\t\t\t \u00bfPuedo devolver o cambiar un producto?<br \/>\n\t\t\t<svg aria-hidden=\"true\" viewBox=\"0 0 448 512\" xmlns=\"http:\/\/www.w3.org\/2000\/svg\"><path d=\"M416 208H32c-17.67 0-32 14.33-32 32v32c0 17.67 14.33 32 32 32h384c17.67 0 32-14.33 32-32v-32c0-17.67-14.33-32-32-32z\"><\/path><\/svg><br \/>\n\t\t\t<svg aria-hidden=\"true\" viewBox=\"0 0 448 512\" xmlns=\"http:\/\/www.w3.org\/2000\/svg\"><path d=\"M416 208H272V64c0-17.67-14.33-32-32-32h-32c-17.67 0-32 14.33-32 32v144H32c-17.67 0-32 14.33-32 32v32c0 17.67 14.33 32 32 32h144v144c0 17.67 14.33 32 32 32h32c17.67 0 32-14.33 32-32V304h144c17.67 0 32-14.33 32-32v-32c0-17.67-14.33-32-32-32z\"><\/path><\/svg><br \/>\n\t\t\t\t\t\t<\/summary>\n<p>S\u00ed, ofrecemos una pol\u00edtica de devoluciones de 30 d\u00edas. Para que un producto sea aceptado para cambio o devoluci\u00f3n, debe estar en su estado original, sin uso y con la caja o embalaje original. Si el producto tiene alg\u00fan defecto de f\u00e1brica, los costos de devoluci\u00f3n o cambio corren por nuestra cuenta.<\/p>\n<\/details>\n<details id=\"e-n-accordion-item-8138\" >\n<summary data-accordion-index=\"9\" tabindex=\"-1\" aria-expanded=\"false\" aria-controls=\"e-n-accordion-item-8138\" >\n\t\t\t\t\t \u00bfC\u00f3mo hago una devoluci\u00f3n o cambio?<br \/>\n\t\t\t<svg aria-hidden=\"true\" viewBox=\"0 0 448 512\" xmlns=\"http:\/\/www.w3.org\/2000\/svg\"><path d=\"M416 208H32c-17.67 0-32 14.33-32 32v32c0 17.67 14.33 32 32 32h384c17.67 0 32-14.33 32-32v-32c0-17.67-14.33-32-32-32z\"><\/path><\/svg><br \/>\n\t\t\t<svg aria-hidden=\"true\" viewBox=\"0 0 448 512\" xmlns=\"http:\/\/www.w3.org\/2000\/svg\"><path d=\"M416 208H272V64c0-17.67-14.33-32-32-32h-32c-17.67 0-32 14.33-32 32v144H32c-17.67 0-32 14.33-32 32v32c0 17.67 14.33 32 32 32h144v144c0 17.67 14.33 32 32 32h32c17.67 0 32-14.33 32-32V304h144c17.67 0 32-14.33 32-32v-32c0-17.67-14.33-32-32-32z\"><\/path><\/svg><br \/>\n\t\t\t\t\t\t<\/summary>\n<p>Para realizar una devoluci\u00f3n o cambio, solo tienes que contactar con nuestro servicio al cliente a trav\u00e9s de admin@hgseguridadindustrial.com.ar\/ 3412-500-889. Te proporcionaremos las instrucciones y una etiqueta de devoluci\u00f3n para que puedas enviar el art\u00edculo de vuelta.<\/p>\n<\/details>\n<details id=\"e-n-accordion-item-8139\" >\n<summary data-accordion-index=\"10\" tabindex=\"-1\" aria-expanded=\"false\" aria-controls=\"e-n-accordion-item-8139\" >\n\t\t\t\t\t \u00bfPuedo realizar compras para empresas o compras al por mayor?<br \/>\n\t\t\t<svg aria-hidden=\"true\" viewBox=\"0 0 448 512\" xmlns=\"http:\/\/www.w3.org\/2000\/svg\"><path d=\"M416 208H32c-17.67 0-32 14.33-32 32v32c0 17.67 14.33 32 32 32h384c17.67 0 32-14.33 32-32v-32c0-17.67-14.33-32-32-32z\"><\/path><\/svg><br \/>\n\t\t\t<svg aria-hidden=\"true\" viewBox=\"0 0 448 512\" xmlns=\"http:\/\/www.w3.org\/2000\/svg\"><path d=\"M416 208H272V64c0-17.67-14.33-32-32-32h-32c-17.67 0-32 14.33-32 32v144H32c-17.67 0-32 14.33-32 32v32c0 17.67 14.33 32 32 32h144v144c0 17.67 14.33 32 32 32h32c17.67 0 32-14.33 32-32V304h144c17.67 0 32-14.33 32-32v-32c0-17.67-14.33-32-32-32z\"><\/path><\/svg><br \/>\n\t\t\t\t\t\t<\/summary>\n<p>S\u00ed, ofrecemos precios especiales para compras al por mayor y ventas corporativas. Si est\u00e1s interesado en hacer una compra de gran volumen, por favor cont\u00e1ctanos a trav\u00e9s de info@hgseguridadindustrial para obtener m\u00e1s informaci\u00f3n sobre precios y condiciones.<\/p>\n<\/details>\n<details id=\"e-n-accordion-item-81310\" >\n<summary data-accordion-index=\"11\" tabindex=\"-1\" aria-expanded=\"false\" aria-controls=\"e-n-accordion-item-81310\" >\n\t\t\t\t\t \u00bfTienen alg\u00fan tipo de descuento o promociones?<br \/>\n\t\t\t<svg aria-hidden=\"true\" viewBox=\"0 0 448 512\" xmlns=\"http:\/\/www.w3.org\/2000\/svg\"><path d=\"M416 208H32c-17.67 0-32 14.33-32 32v32c0 17.67 14.33 32 32 32h384c17.67 0 32-14.33 32-32v-32c0-17.67-14.33-32-32-32z\"><\/path><\/svg><br \/>\n\t\t\t<svg aria-hidden=\"true\" viewBox=\"0 0 448 512\" xmlns=\"http:\/\/www.w3.org\/2000\/svg\"><path d=\"M416 208H272V64c0-17.67-14.33-32-32-32h-32c-17.67 0-32 14.33-32 32v144H32c-17.67 0-32 14.33-32 32v32c0 17.67 14.33 32 32 32h144v144c0 17.67 14.33 32 32 32h32c17.67 0 32-14.33 32-32V304h144c17.67 0 32-14.33 32-32v-32c0-17.67-14.33-32-32-32z\"><\/path><\/svg><br \/>\n\t\t\t\t\t\t<\/summary>\n<p>S\u00ed, regularmente ofrecemos descuentos y promociones especiales en nuestra tienda online.\u00a0<\/p>\n<\/details>\n<details id=\"e-n-accordion-item-81311\" >\n<summary data-accordion-index=\"12\" tabindex=\"-1\" aria-expanded=\"false\" aria-controls=\"e-n-accordion-item-81311\" >\n\t\t\t\t\t  \u00bfC\u00f3mo puedo ponerme en contacto con el servicio de atenci\u00f3n al cliente?<br \/>\n\t\t\t<svg aria-hidden=\"true\" viewBox=\"0 0 448 512\" xmlns=\"http:\/\/www.w3.org\/2000\/svg\"><path d=\"M416 208H32c-17.67 0-32 14.33-32 32v32c0 17.67 14.33 32 32 32h384c17.67 0 32-14.33 32-32v-32c0-17.67-14.33-32-32-32z\"><\/path><\/svg><br \/>\n\t\t\t<svg aria-hidden=\"true\" viewBox=\"0 0 448 512\" xmlns=\"http:\/\/www.w3.org\/2000\/svg\"><path d=\"M416 208H272V64c0-17.67-14.33-32-32-32h-32c-17.67 0-32 14.33-32 32v144H32c-17.67 0-32 14.33-32 32v32c0 17.67 14.33 32 32 32h144v144c0 17.67 14.33 32 32 32h32c17.67 0 32-14.33 32-32V304h144c17.67 0 32-14.33 32-32v-32c0-17.67-14.33-32-32-32z\"><\/path><\/svg><br \/>\n\t\t\t\t\t\t<\/summary>\n<p>Puedes ponerte en contacto con nosotros a trav\u00e9s de:<\/p>\n<ul>\n<li>Tel\u00e9fono: 4540803 &#8211; 3412500889<\/li>\n<li>Correo electr\u00f3nico: info@hgseguridadindustrial.com.ar<\/li>\n<li>Whatsapp en vivo: Disponible en nuestra web durante el horario de atenci\u00f3n (8 a 17hs de lunes a viernes)<\/li>\n<\/ul>\n<\/details>\n<details id=\"e-n-accordion-item-81312\" >\n<summary data-accordion-index=\"13\" tabindex=\"-1\" aria-expanded=\"false\" aria-controls=\"e-n-accordion-item-81312\" >\n\t\t\t\t\t \u00bfC\u00f3mo se cuidan los calzados de seguridad?<br \/>\n\t\t\t<svg aria-hidden=\"true\" viewBox=\"0 0 448 512\" xmlns=\"http:\/\/www.w3.org\/2000\/svg\"><path d=\"M416 208H32c-17.67 0-32 14.33-32 32v32c0 17.67 14.33 32 32 32h384c17.67 0 32-14.33 32-32v-32c0-17.67-14.33-32-32-32z\"><\/path><\/svg><br \/>\n\t\t\t<svg aria-hidden=\"true\" viewBox=\"0 0 448 512\" xmlns=\"http:\/\/www.w3.org\/2000\/svg\"><path d=\"M416 208H272V64c0-17.67-14.33-32-32-32h-32c-17.67 0-32 14.33-32 32v144H32c-17.67 0-32 14.33-32 32v32c0 17.67 14.33 32 32 32h144v144c0 17.67 14.33 32 32 32h32c17.67 0 32-14.33 32-32V304h144c17.67 0 32-14.33 32-32v-32c0-17.67-14.33-32-32-32z\"><\/path><\/svg><br \/>\n\t\t\t\t\t\t<\/summary>\n<p>Te recomendamos limpiar y mantener tus calzados regularmente para prolongar su vida \u00fatil. Sigue las instrucciones del fabricante que encontrar\u00e1s en el producto, pero en general, evitar el contacto con productos qu\u00edmicos agresivos y almacenar los zapatos en un lugar seco y ventilado ayudar\u00e1 a mantenerlos en buen estado.<\/p>\n<\/details>\n<details id=\"e-n-accordion-item-81313\" >\n<summary data-accordion-index=\"14\" tabindex=\"-1\" aria-expanded=\"false\" aria-controls=\"e-n-accordion-item-81313\" >\n\t\t\t\t\t  \u00bfOfrecen garant\u00edas en sus productos?<br \/>\n\t\t\t<svg aria-hidden=\"true\" viewBox=\"0 0 448 512\" xmlns=\"http:\/\/www.w3.org\/2000\/svg\"><path d=\"M416 208H32c-17.67 0-32 14.33-32 32v32c0 17.67 14.33 32 32 32h384c17.67 0 32-14.33 32-32v-32c0-17.67-14.33-32-32-32z\"><\/path><\/svg><br \/>\n\t\t\t<svg aria-hidden=\"true\" viewBox=\"0 0 448 512\" xmlns=\"http:\/\/www.w3.org\/2000\/svg\"><path d=\"M416 208H272V64c0-17.67-14.33-32-32-32h-32c-17.67 0-32 14.33-32 32v144H32c-17.67 0-32 14.33-32 32v32c0 17.67 14.33 32 32 32h144v144c0 17.67 14.33 32 32 32h32c17.67 0 32-14.33 32-32V304h144c17.67 0 32-14.33 32-32v-32c0-17.67-14.33-32-32-32z\"><\/path><\/svg><br \/>\n\t\t\t\t\t\t<\/summary>\n<p>S\u00ed, todos nuestros productos tienen garant\u00eda de 1 mes por defectos de fabricaci\u00f3n. Si tu calzado presenta alg\u00fan defecto dentro de este periodo, puedes contactarnos para gestionar un cambio o devoluci\u00f3n.<\/p>\n<\/details>\n<p>Vendemos una amplia variedad de calzado especializado en seguridad y confort, incluyendo:<\/p>\n<ul>\n<li><strong>Botines de seguridad<\/strong> (para trabajo industrial, construcci\u00f3n, miner\u00eda, etc.)<\/li>\n<li><strong>Zapatos antideslizantes<\/strong> (para entornos laborales de alta exigencia)<\/li>\n<li><strong>Calzado de protecci\u00f3n para la salud<\/strong> (ideal para personal m\u00e9dico o de cocina)<\/li>\n<li><strong>Calzado casual<\/strong> (con caracter\u00edsticas de seguridad para el uso diario)<\/li>\n<\/ul>\n<p>El t\u00e9rmino \u00abantiperforante\u00bb generalmente se refiere a calzado dise\u00f1ado con materiales resistentes que pueden proteger contra objetos punzantes o golpes.<\/p>\n<p>S\u00ed, ofrecemos una amplia gama de tallas que incluyen desde las m\u00e1s comunes hasta tallas grandes (36 al 46). Si no encuentras tu talla, puedes contactarnos y haremos lo posible por conseguirla.<\/p>\n<p>Para elegir el calzado adecuado, te recomendamos tener en cuenta el tipo de trabajo que realizas, tus necesidades de seguridad (resistencia al agua, antideslizante, protecci\u00f3n contra ca\u00eddas de objetos, etc.) y la comodidad que necesitas. Si necesitas ayuda personalizada, no dudes en ponerte en contacto con nuestro equipo de atenci\u00f3n al cliente.<\/p>\n<p>Te recomendamos revisar la gu\u00eda de tallas que aparece en cada producto. Si dudas entre dos tallas, te sugerimos optar por la talla superior si tu pie es m\u00e1s ancho o si utilizas plantillas ortop\u00e9dicas.<\/p>\n<p>Aceptamos varias formas de pago para tu comodidad, incluyendo:<\/p>\n<ul>\n<li>Tarjetas de cr\u00e9dito y d\u00e9bito (Visa y MasterCard)<\/li>\n<li>Transferencias bancarias<\/li>\n<li>Pago en efectivo en tiendas asociadas o puntos de pago<\/li>\n<\/ul>\n<p>El costo de env\u00edo depende de tu ubicaci\u00f3n y del peso del pedido. Ofrecemos env\u00edos gratuitos en Rosario. Puedes calcular el costo exacto de env\u00edo al finalizar tu compra.<\/p>\n<p>S\u00ed, ofrecemos una pol\u00edtica de devoluciones de 30 d\u00edas. Para que un producto sea aceptado para cambio o devoluci\u00f3n, debe estar en su estado original, sin uso y con la caja o embalaje original. Si el producto tiene alg\u00fan defecto de f\u00e1brica, los costos de devoluci\u00f3n o cambio corren por nuestra cuenta.<\/p>\n<p>Para realizar una devoluci\u00f3n o cambio, solo tienes que contactar con nuestro servicio al cliente a trav\u00e9s de admin@hgseguridadindustrial.com.ar\/ 3412-500-889. Te proporcionaremos las instrucciones y una etiqueta de devoluci\u00f3n para que puedas enviar el art\u00edculo de vuelta.<\/p>\n<p>S\u00ed, ofrecemos precios especiales para compras al por mayor y ventas corporativas. Si est\u00e1s interesado en hacer una compra de gran volumen, por favor cont\u00e1ctanos a trav\u00e9s de info@hgseguridadindustrial para obtener m\u00e1s informaci\u00f3n sobre precios y condiciones.<\/p>\n<p>S\u00ed, regularmente ofrecemos descuentos y promociones especiales en nuestra tienda online.\u00a0<\/p>\n<p>Puedes ponerte en contacto con nosotros a trav\u00e9s de:<\/p>\n<ul>\n<li>Tel\u00e9fono: 4540803 &#8211; 3412500889<\/li>\n<li>Correo electr\u00f3nico: info@hgseguridadindustrial.com.ar<\/li>\n<li>Whatsapp en vivo: Disponible en nuestra web durante el horario de atenci\u00f3n (8 a 17hs de lunes a viernes)<\/li>\n<\/ul>\n<p>Te recomendamos limpiar y mantener tus calzados regularmente para prolongar su vida \u00fatil. Sigue las instrucciones del fabricante que encontrar\u00e1s en el producto, pero en general, evitar el contacto con productos qu\u00edmicos agresivos y almacenar los zapatos en un lugar seco y ventilado ayudar\u00e1 a mantenerlos en buen estado.<\/p>\n<p>S\u00ed, todos nuestros productos tienen garant\u00eda de 1 mes por defectos de fabricaci\u00f3n. Si tu calzado presenta alg\u00fan defecto dentro de este periodo, puedes contactarnos para gestionar un cambio o devoluci\u00f3n.<\/p>\n<p>\t\t\t\t\t\t\t\t\t\t\t\t\t<img loading=\"lazy\" decoding=\"async\" width=\"600\" height=\"600\" src=\"https:\/\/www.hgseguridadindustrial.com.ar\/wp\/wp-content\/uploads\/2024\/05\/610N_2225cadc-7a21-4cd9-be89-11a531b57b54.webp\" alt=\"\" srcset=\"https:\/\/www.hgseguridadindustrial.com.ar\/wp\/wp-content\/uploads\/2024\/05\/610N_2225cadc-7a21-4cd9-be89-11a531b57b54.webp 600w, https:\/\/www.hgseguridadindustrial.com.ar\/wp\/wp-content\/uploads\/2024\/05\/610N_2225cadc-7a21-4cd9-be89-11a531b57b54-300x300.webp 300w, https:\/\/www.hgseguridadindustrial.com.ar\/wp\/wp-content\/uploads\/2024\/05\/610N_2225cadc-7a21-4cd9-be89-11a531b57b54-100x100.webp 100w, https:\/\/www.hgseguridadindustrial.com.ar\/wp\/wp-content\/uploads\/2024\/05\/610N_2225cadc-7a21-4cd9-be89-11a531b57b54-64x64.webp 64w, https:\/\/www.hgseguridadindustrial.com.ar\/wp\/wp-content\/uploads\/2024\/05\/610N_2225cadc-7a21-4cd9-be89-11a531b57b54-150x150.webp 150w\" sizes=\"auto, (max-width: 600px) 100vw, 600px\" \/><\/p>\n","protected":false},"excerpt":{"rendered":"<p>FAQ Preguntas frecuentes \u00bfQu\u00e9 tipos de calzado venden?1 Vendemos una amplia variedad de calzado especializado en seguridad y confort, incluyendo: [&hellip;]<\/p>\n","protected":false},"author":3,"featured_media":0,"parent":0,"menu_order":0,"comment_status":"closed","ping_status":"closed","template":"","meta":{"_acf_changed":false,"_uag_custom_page_level_css":"","site-sidebar-layout":"no-sidebar","site-content-layout":"page-builder","ast-site-content-layout":"full-width-container","site-content-style":"default","site-sidebar-style":"default","ast-global-header-display":"","ast-banner-title-visibility":"","ast-main-header-display":"","ast-hfb-above-header-display":"","ast-hfb-below-header-display":"","ast-hfb-mobile-header-display":"","site-post-title":"disabled","ast-breadcrumbs-content":"","ast-featured-img":"disabled","footer-sml-layout":"","ast-disable-related-posts":"","theme-transparent-header-meta":"","adv-header-id-meta":"","stick-header-meta":"","header-above-stick-meta":"","header-main-stick-meta":"","header-below-stick-meta":"","astra-migrate-meta-layouts":"default","ast-page-background-enabled":"default","ast-page-background-meta":{"desktop":{"background-color":"var(--ast-global-color-4)","background-image":"","background-repeat":"repeat","background-position":"center center","background-size":"auto","background-attachment":"scroll","background-type":"","background-media":"","overlay-type":"","overlay-color":"","overlay-opacity":"","overlay-gradient":""},"tablet":{"background-color":"","background-image":"","background-repeat":"repeat","background-position":"center center","background-size":"auto","background-attachment":"scroll","background-type":"","background-media":"","overlay-type":"","overlay-color":"","overlay-opacity":"","overlay-gradient":""},"mobile":{"background-color":"","background-image":"","background-repeat":"repeat","background-position":"center center","background-size":"auto","background-attachment":"scroll","background-type":"","background-media":"","overlay-type":"","overlay-color":"","overlay-opacity":"","overlay-gradient":""}},"ast-content-background-meta":{"desktop":{"background-color":"var(--ast-global-color-5)","background-image":"","background-repeat":"repeat","background-position":"center center","background-size":"auto","background-attachment":"scroll","background-type":"","background-media":"","overlay-type":"","overlay-color":"","overlay-opacity":"","overlay-gradient":""},"tablet":{"background-color":"var(--ast-global-color-5)","background-image":"","background-repeat":"repeat","background-position":"center center","background-size":"auto","background-attachment":"scroll","background-type":"","background-media":"","overlay-type":"","overlay-color":"","overlay-opacity":"","overlay-gradient":""},"mobile":{"background-color":"var(--ast-global-color-5)","background-image":"","background-repeat":"repeat","background-position":"center center","background-size":"auto","background-attachment":"scroll","background-type":"","background-media":"","overlay-type":"","overlay-color":"","overlay-opacity":"","overlay-gradient":""}},"footnotes":""},"class_list":["post-2605","page","type-page","status-publish","hentry"],"acf":[],"uagb_featured_image_src":{"full":false,"thumbnail":false,"medium":false,"medium_large":false,"large":false,"1536x1536":false,"2048x2048":false,"woocommerce_thumbnail":false,"woocommerce_single":false,"woocommerce_gallery_thumbnail":false,"dgwt-wcas-product-suggestion":false},"uagb_author_info":{"display_name":"admin","author_link":"https:\/\/www.hgseguridadindustrial.com.ar\/wp\/author\/admin\/"},"uagb_comment_info":0,"uagb_excerpt":"FAQ Preguntas frecuentes \u00bfQu\u00e9 tipos de calzado venden?1 Vendemos una amplia variedad de calzado especializado en seguridad y confort, incluyendo: [&hellip;]","_links":{"self":[{"href":"https:\/\/www.hgseguridadindustrial.com.ar\/wp\/wp-json\/wp\/v2\/pages\/2605","targetHints":{"allow":["GET"]}}],"collection":[{"href":"https:\/\/www.hgseguridadindustrial.com.ar\/wp\/wp-json\/wp\/v2\/pages"}],"about":[{"href":"https:\/\/www.hgseguridadindustrial.com.ar\/wp\/wp-json\/wp\/v2\/types\/page"}],"author":[{"embeddable":true,"href":"https:\/\/www.hgseguridadindustrial.com.ar\/wp\/wp-json\/wp\/v2\/users\/3"}],"replies":[{"embeddable":true,"href":"https:\/\/www.hgseguridadindustrial.com.ar\/wp\/wp-json\/wp\/v2\/comments?post=2605"}],"version-history":[{"count":0,"href":"https:\/\/www.hgseguridadindustrial.com.ar\/wp\/wp-json\/wp\/v2\/pages\/2605\/revisions"}],"wp:attachment":[{"href":"https:\/\/www.hgseguridadindustrial.com.ar\/wp\/wp-json\/wp\/v2\/media?parent=2605"}],"curies":[{"name":"wp","href":"https:\/\/api.w.org\/{rel}","templated":true}]}}