{"id":2150,"date":"2024-09-04T13:18:25","date_gmt":"2024-09-04T16:18:25","guid":{"rendered":"http:\/\/hg-seguridad-industrial-281024.local\/?post_type=product&#038;p=2150"},"modified":"2025-11-18T18:12:01","modified_gmt":"2025-11-18T21:12:01","slug":"energy-770","status":"publish","type":"product","link":"https:\/\/www.hgseguridadindustrial.com.ar\/wp\/producto\/energy-770\/","title":{"rendered":"ENERGY 770"},"content":{"rendered":"<section id=\"shopify-section-template--22633250357531__accordion_content_bFLHNV\" class=\"shopify-section shopify-section--accordion-content\">\n<div class=\"section section-full bg-custom\">\n<div class=\"section-stack section-stack--horizontal\">\n<div class=\"section-stack__main\">\n<div class=\"accordion-box rounded bg-custom\">\n<p><!-- Primer desplegable: General --><\/p>\n<details class=\"accordion group\" aria-expanded=\"false\">\n<summary class=\"accordion__toggle bold\"><b>General<\/b><\/summary>\n<div class=\"accordion__content\">\n<div class=\"prose\">\n<ul>\n<li><strong>Tipo de calzado de seguridad:<\/strong> Bot\u00edn<\/li>\n<li><strong>Marca:<\/strong> VORAN<\/li>\n<li><strong>L\u00ednea:<\/strong> SPORTSAFE<\/li>\n<li><strong>Numeraci\u00f3n:<\/strong> Del 34 al 46<\/li>\n<li><strong>Exterior:<\/strong> Nobuck, con material reflectivo de alta visibilidad<\/li>\n<li><strong>Puntera:<\/strong> Aluminio<\/li>\n<li><strong>Cuello:<\/strong> Acolchado<\/li>\n<li><strong>Leng\u00fceta:<\/strong> Forrada y acolchada<\/li>\n<\/ul>\n<\/div>\n<\/div>\n<\/details>\n<p><!-- Segundo desplegable: Planta --><\/p>\n<details class=\"accordion group\" aria-expanded=\"false\">\n<summary class=\"accordion__toggle bold\"><b>Planta<\/b><\/summary>\n<div class=\"accordion__content\">\n<div class=\"prose\">\n<ul>\n<li><strong>Composici\u00f3n suela:<\/strong> Poliuretano Multidensidad<\/li>\n<li><strong>Adhesi\u00f3n Capellada planta:<\/strong> Inyecci\u00f3n directa<\/li>\n<li><strong>Compuesto:<\/strong> Poliuretano Multidensidad<\/li>\n<li><strong>Otras Propiedades:<\/strong>\n<ul>\n<li>Diel\u00e9ctrica<\/li>\n<li>Resistente a Hidrocarburos<\/li>\n<li>Antideslizante<\/li>\n<li>Autolimpiante<\/li>\n<li>Resistente a la Flexi\u00f3n<\/li>\n<li>Resistente a la Abrasi\u00f3n<\/li>\n<\/ul>\n<\/li>\n<\/ul>\n<\/div>\n<\/div>\n<\/details>\n<p><!-- Tercer desplegable: Accesorios --><\/p>\n<details class=\"accordion group\" aria-expanded=\"false\">\n<summary class=\"accordion__toggle bold\"><b>Accesorios<\/b><\/summary>\n<div class=\"accordion__content\">\n<div class=\"prose\">\n<ul>\n<li><strong>Cordones:<\/strong> Alta Tracci\u00f3n<\/li>\n<li><strong>Pasacordones:<\/strong> Ojalillos reforzados<\/li>\n<li><strong>Plantilla:<\/strong> Plantilla High Performance<\/li>\n<\/ul>\n<\/div>\n<\/div>\n<\/details>\n<\/div>\n<\/div>\n<\/div>\n<\/div>\n<\/section>\n","protected":false},"excerpt":{"rendered":"<p>Zapatilla SportSafe Energy 770 de seguridad. Dise\u00f1o, tecnolog\u00eda y materiales de vanguardia. Confort sin l\u00edmites y m\u00e1xima protecci\u00f3n.<\/p>\n<p><strong>Descargar ficha t\u00e9cnica\u00a0 \u00a0<a href=\"https:\/\/www.hgseguridadindustrial.com.ar\/wp\/wp-content\/uploads\/2025\/01\/Energy_770G.pdf\" target=\"_blank\" rel=\"noopener\"><img loading=\"lazy\" decoding=\"async\" class=\"alignnone wp-image-3101\" src=\"https:\/\/www.hgseguridadindustrial.com.ar\/wp\/wp-content\/uploads\/2025\/01\/botondescargar-300x300.png\" alt=\"botondescargar\" width=\"37\" height=\"37\" srcset=\"https:\/\/www.hgseguridadindustrial.com.ar\/wp\/wp-content\/uploads\/2025\/01\/botondescargar-300x300.png 300w, https:\/\/www.hgseguridadindustrial.com.ar\/wp\/wp-content\/uploads\/2025\/01\/botondescargar-100x100.png 100w, https:\/\/www.hgseguridadindustrial.com.ar\/wp\/wp-content\/uploads\/2025\/01\/botondescargar-64x64.png 64w, https:\/\/www.hgseguridadindustrial.com.ar\/wp\/wp-content\/uploads\/2025\/01\/botondescargar-150x150.png 150w, https:\/\/www.hgseguridadindustrial.com.ar\/wp\/wp-content\/uploads\/2025\/01\/botondescargar.png 512w\" sizes=\"auto, (max-width: 37px) 100vw, 37px\" \/><\/a><\/strong><\/p>\n<div class=\"certificaciones\"><img decoding=\"async\" class=\"img-certificacion\" src=\"https:\/\/www.hgseguridadindustrial.com.ar\/wp\/wp-content\/uploads\/2025\/01\/sellos-pequeno-2.png\" alt=\"Certificaci\u00f3n 1\" \/><\/div>\n","protected":false},"featured_media":3256,"template":"","meta":{"_acf_changed":false,"_uag_custom_page_level_css":"","site-sidebar-layout":"default","site-content-layout":"","ast-site-content-layout":"default","site-content-style":"default","site-sidebar-style":"default","ast-global-header-display":"","ast-banner-title-visibility":"","ast-main-header-display":"","ast-hfb-above-header-display":"","ast-hfb-below-header-display":"","ast-hfb-mobile-header-display":"","site-post-title":"","ast-breadcrumbs-content":"","ast-featured-img":"","footer-sml-layout":"","ast-disable-related-posts":"","theme-transparent-header-meta":"default","adv-header-id-meta":"","stick-header-meta":"","header-above-stick-meta":"","header-main-stick-meta":"","header-below-stick-meta":"","astra-migrate-meta-layouts":"set","ast-page-background-enabled":"default","ast-page-background-meta":{"desktop":{"background-color":"var(--ast-global-color-4)","background-image":"","background-repeat":"repeat","background-position":"center center","background-size":"auto","background-attachment":"scroll","background-type":"","background-media":"","overlay-type":"","overlay-color":"","overlay-opacity":"","overlay-gradient":""},"tablet":{"background-color":"","background-image":"","background-repeat":"repeat","background-position":"center center","background-size":"auto","background-attachment":"scroll","background-type":"","background-media":"","overlay-type":"","overlay-color":"","overlay-opacity":"","overlay-gradient":""},"mobile":{"background-color":"","background-image":"","background-repeat":"repeat","background-position":"center center","background-size":"auto","background-attachment":"scroll","background-type":"","background-media":"","overlay-type":"","overlay-color":"","overlay-opacity":"","overlay-gradient":""}},"ast-content-background-meta":{"desktop":{"background-color":"var(--ast-global-color-5)","background-image":"","background-repeat":"repeat","background-position":"center center","background-size":"auto","background-attachment":"scroll","background-type":"","background-media":"","overlay-type":"","overlay-color":"","overlay-opacity":"","overlay-gradient":""},"tablet":{"background-color":"var(--ast-global-color-5)","background-image":"","background-repeat":"repeat","background-position":"center center","background-size":"auto","background-attachment":"scroll","background-type":"","background-media":"","overlay-type":"","overlay-color":"","overlay-opacity":"","overlay-gradient":""},"mobile":{"background-color":"var(--ast-global-color-5)","background-image":"","background-repeat":"repeat","background-position":"center center","background-size":"auto","background-attachment":"scroll","background-type":"","background-media":"","overlay-type":"","overlay-color":"","overlay-opacity":"","overlay-gradient":""}}},"product_brand":[102],"product_cat":[40],"product_tag":[],"class_list":{"0":"post-2150","1":"product","2":"type-product","3":"status-publish","4":"has-post-thumbnail","6":"product_brand-voran","7":"product_cat-linea-energy","8":"pa_linea-sportsafe-2","9":"pa_rubro-industria-alimenticia","10":"pa_rubro-industria-de-la-construccion","11":"pa_rubro-industria-no-alimenticia","12":"desktop-align-left","13":"tablet-align-left","14":"mobile-align-left","16":"first","17":"instock","18":"taxable","19":"shipping-taxable","20":"product-type-variable","21":"rtwpvg-product"},"acf":[],"uagb_featured_image_src":{"full":["https:\/\/www.hgseguridadindustrial.com.ar\/wp\/wp-content\/uploads\/2025\/01\/Sport_Safe_770G-lateral-cordon_verde_agua_1200x1200_24ccbdb6-5252-470c-90bd-2ba39ea3d5bf.webp",800,800,false],"thumbnail":["https:\/\/www.hgseguridadindustrial.com.ar\/wp\/wp-content\/uploads\/2025\/01\/Sport_Safe_770G-lateral-cordon_verde_agua_1200x1200_24ccbdb6-5252-470c-90bd-2ba39ea3d5bf-150x150.webp",150,150,true],"medium":["https:\/\/www.hgseguridadindustrial.com.ar\/wp\/wp-content\/uploads\/2025\/01\/Sport_Safe_770G-lateral-cordon_verde_agua_1200x1200_24ccbdb6-5252-470c-90bd-2ba39ea3d5bf-300x300.webp",300,300,true],"medium_large":["https:\/\/www.hgseguridadindustrial.com.ar\/wp\/wp-content\/uploads\/2025\/01\/Sport_Safe_770G-lateral-cordon_verde_agua_1200x1200_24ccbdb6-5252-470c-90bd-2ba39ea3d5bf-768x768.webp",768,768,true],"large":["https:\/\/www.hgseguridadindustrial.com.ar\/wp\/wp-content\/uploads\/2025\/01\/Sport_Safe_770G-lateral-cordon_verde_agua_1200x1200_24ccbdb6-5252-470c-90bd-2ba39ea3d5bf.webp",800,800,false],"1536x1536":["https:\/\/www.hgseguridadindustrial.com.ar\/wp\/wp-content\/uploads\/2025\/01\/Sport_Safe_770G-lateral-cordon_verde_agua_1200x1200_24ccbdb6-5252-470c-90bd-2ba39ea3d5bf.webp",800,800,false],"2048x2048":["https:\/\/www.hgseguridadindustrial.com.ar\/wp\/wp-content\/uploads\/2025\/01\/Sport_Safe_770G-lateral-cordon_verde_agua_1200x1200_24ccbdb6-5252-470c-90bd-2ba39ea3d5bf.webp",800,800,false],"woocommerce_thumbnail":["https:\/\/www.hgseguridadindustrial.com.ar\/wp\/wp-content\/uploads\/2025\/01\/Sport_Safe_770G-lateral-cordon_verde_agua_1200x1200_24ccbdb6-5252-470c-90bd-2ba39ea3d5bf-300x300.webp",300,300,true],"woocommerce_single":["https:\/\/www.hgseguridadindustrial.com.ar\/wp\/wp-content\/uploads\/2025\/01\/Sport_Safe_770G-lateral-cordon_verde_agua_1200x1200_24ccbdb6-5252-470c-90bd-2ba39ea3d5bf-600x600.webp",600,600,true],"woocommerce_gallery_thumbnail":["https:\/\/www.hgseguridadindustrial.com.ar\/wp\/wp-content\/uploads\/2025\/01\/Sport_Safe_770G-lateral-cordon_verde_agua_1200x1200_24ccbdb6-5252-470c-90bd-2ba39ea3d5bf-100x100.webp",100,100,true],"dgwt-wcas-product-suggestion":["https:\/\/www.hgseguridadindustrial.com.ar\/wp\/wp-content\/uploads\/2025\/01\/Sport_Safe_770G-lateral-cordon_verde_agua_1200x1200_24ccbdb6-5252-470c-90bd-2ba39ea3d5bf-64x64.webp",64,64,true]},"uagb_author_info":{"display_name":"admin","author_link":"https:\/\/www.hgseguridadindustrial.com.ar\/wp\/author\/"},"uagb_comment_info":0,"uagb_excerpt":"Zapatilla SportSafe Energy 770 de seguridad. Dise\u00f1o, tecnolog\u00eda y materiales de vanguardia. Confort sin l\u00edmites y m\u00e1xima protecci\u00f3n. Descargar ficha t\u00e9cnica\u00a0 \u00a0","_links":{"self":[{"href":"https:\/\/www.hgseguridadindustrial.com.ar\/wp\/wp-json\/wp\/v2\/product\/2150","targetHints":{"allow":["GET"]}}],"collection":[{"href":"https:\/\/www.hgseguridadindustrial.com.ar\/wp\/wp-json\/wp\/v2\/product"}],"about":[{"href":"https:\/\/www.hgseguridadindustrial.com.ar\/wp\/wp-json\/wp\/v2\/types\/product"}],"wp:featuredmedia":[{"embeddable":true,"href":"https:\/\/www.hgseguridadindustrial.com.ar\/wp\/wp-json\/wp\/v2\/media\/3256"}],"wp:attachment":[{"href":"https:\/\/www.hgseguridadindustrial.com.ar\/wp\/wp-json\/wp\/v2\/media?parent=2150"}],"wp:term":[{"taxonomy":"product_brand","embeddable":true,"href":"https:\/\/www.hgseguridadindustrial.com.ar\/wp\/wp-json\/wp\/v2\/product_brand?post=2150"},{"taxonomy":"product_cat","embeddable":true,"href":"https:\/\/www.hgseguridadindustrial.com.ar\/wp\/wp-json\/wp\/v2\/product_cat?post=2150"},{"taxonomy":"product_tag","embeddable":true,"href":"https:\/\/www.hgseguridadindustrial.com.ar\/wp\/wp-json\/wp\/v2\/product_tag?post=2150"}],"curies":[{"name":"wp","href":"https:\/\/api.w.org\/{rel}","templated":true}]}}