{"id":3971,"date":"2025-02-19T13:16:05","date_gmt":"2025-02-19T16:16:05","guid":{"rendered":"https:\/\/www.hgseguridadindustrial.com.ar\/wp\/producto\/vidrio-rectangular-incoloro-p-masc-sold\/"},"modified":"2026-04-10T08:21:36","modified_gmt":"2026-04-10T11:21:36","slug":"vidrio-rectangular-incoloro-p-masc-sold","status":"publish","type":"product","link":"https:\/\/www.hgseguridadindustrial.com.ar\/wp\/producto\/vidrio-rectangular-incoloro-p-masc-sold\/","title":{"rendered":"Vidrio rectangular incoloro p\/m\u00e1sc. sold."},"content":{"rendered":"<p>Vidrio rectangular incoloro para m\u00e1scaras de soldador, ideal para la industria metal\u00fargica.  Proporciona una protecci\u00f3n ocular superior contra chispas y radiaci\u00f3n UV durante la soldadura.  Asegura una visi\u00f3n clara y n\u00edtida del \u00e1rea de trabajo, mejorando la precisi\u00f3n y la seguridad.  Resistente y duradero, garantiza una larga vida \u00fatil.  Complementa tu equipo de protecci\u00f3n personal para una soldadura segura y eficiente.  Mejora tu rendimiento y protege tu vista.<\/p>\n","protected":false},"excerpt":{"rendered":"<p>Vidrio rectangular incoloro para m\u00e1scara de soldador. Protecci\u00f3n ocular industrial. Ideal para trabajos en metalurgia. M\u00e1xima seguridad y visibilidad.<\/p>\n","protected":false},"featured_media":4117,"template":"","meta":{"_acf_changed":false,"_uag_custom_page_level_css":"","site-sidebar-layout":"default","site-content-layout":"","ast-site-content-layout":"default","site-content-style":"default","site-sidebar-style":"default","ast-global-header-display":"","ast-banner-title-visibility":"","ast-main-header-display":"","ast-hfb-above-header-display":"","ast-hfb-below-header-display":"","ast-hfb-mobile-header-display":"","site-post-title":"","ast-breadcrumbs-content":"","ast-featured-img":"","footer-sml-layout":"","ast-disable-related-posts":"","theme-transparent-header-meta":"","adv-header-id-meta":"","stick-header-meta":"","header-above-stick-meta":"","header-main-stick-meta":"","header-below-stick-meta":"","astra-migrate-meta-layouts":"default","ast-page-background-enabled":"default","ast-page-background-meta":{"desktop":{"background-color":"var(--ast-global-color-4)","background-image":"","background-repeat":"repeat","background-position":"center center","background-size":"auto","background-attachment":"scroll","background-type":"","background-media":"","overlay-type":"","overlay-color":"","overlay-opacity":"","overlay-gradient":""},"tablet":{"background-color":"","background-image":"","background-repeat":"repeat","background-position":"center center","background-size":"auto","background-attachment":"scroll","background-type":"","background-media":"","overlay-type":"","overlay-color":"","overlay-opacity":"","overlay-gradient":""},"mobile":{"background-color":"","background-image":"","background-repeat":"repeat","background-position":"center center","background-size":"auto","background-attachment":"scroll","background-type":"","background-media":"","overlay-type":"","overlay-color":"","overlay-opacity":"","overlay-gradient":""}},"ast-content-background-meta":{"desktop":{"background-color":"var(--ast-global-color-5)","background-image":"","background-repeat":"repeat","background-position":"center center","background-size":"auto","background-attachment":"scroll","background-type":"","background-media":"","overlay-type":"","overlay-color":"","overlay-opacity":"","overlay-gradient":""},"tablet":{"background-color":"var(--ast-global-color-5)","background-image":"","background-repeat":"repeat","background-position":"center center","background-size":"auto","background-attachment":"scroll","background-type":"","background-media":"","overlay-type":"","overlay-color":"","overlay-opacity":"","overlay-gradient":""},"mobile":{"background-color":"var(--ast-global-color-5)","background-image":"","background-repeat":"repeat","background-position":"center center","background-size":"auto","background-attachment":"scroll","background-type":"","background-media":"","overlay-type":"","overlay-color":"","overlay-opacity":"","overlay-gradient":""}}},"product_brand":[103],"product_cat":[118],"product_tag":[],"class_list":{"0":"post-3971","1":"product","2":"type-product","3":"status-publish","4":"has-post-thumbnail","6":"product_brand-libus","7":"product_cat-proteccion-ocular","8":"desktop-align-left","9":"tablet-align-left","10":"mobile-align-left","12":"first","13":"instock","14":"taxable","15":"shipping-taxable","16":"purchasable","17":"product-type-simple"},"acf":[],"uagb_featured_image_src":{"full":["https:\/\/www.hgseguridadindustrial.com.ar\/wp\/wp-content\/uploads\/2025\/02\/vidrioparamascarasoldador.webp",500,473,false],"thumbnail":["https:\/\/www.hgseguridadindustrial.com.ar\/wp\/wp-content\/uploads\/2025\/02\/vidrioparamascarasoldador-150x150.webp",150,150,true],"medium":["https:\/\/www.hgseguridadindustrial.com.ar\/wp\/wp-content\/uploads\/2025\/02\/vidrioparamascarasoldador-300x284.webp",300,284,true],"medium_large":["https:\/\/www.hgseguridadindustrial.com.ar\/wp\/wp-content\/uploads\/2025\/02\/vidrioparamascarasoldador.webp",500,473,false],"large":["https:\/\/www.hgseguridadindustrial.com.ar\/wp\/wp-content\/uploads\/2025\/02\/vidrioparamascarasoldador.webp",500,473,false],"1536x1536":["https:\/\/www.hgseguridadindustrial.com.ar\/wp\/wp-content\/uploads\/2025\/02\/vidrioparamascarasoldador.webp",500,473,false],"2048x2048":["https:\/\/www.hgseguridadindustrial.com.ar\/wp\/wp-content\/uploads\/2025\/02\/vidrioparamascarasoldador.webp",500,473,false],"woocommerce_thumbnail":["https:\/\/www.hgseguridadindustrial.com.ar\/wp\/wp-content\/uploads\/2025\/02\/vidrioparamascarasoldador-300x300.webp",300,300,true],"woocommerce_single":["https:\/\/www.hgseguridadindustrial.com.ar\/wp\/wp-content\/uploads\/2025\/02\/vidrioparamascarasoldador.webp",500,473,false],"woocommerce_gallery_thumbnail":["https:\/\/www.hgseguridadindustrial.com.ar\/wp\/wp-content\/uploads\/2025\/02\/vidrioparamascarasoldador-100x100.webp",100,100,true],"dgwt-wcas-product-suggestion":["https:\/\/www.hgseguridadindustrial.com.ar\/wp\/wp-content\/uploads\/2025\/02\/vidrioparamascarasoldador-64x61.webp",64,61,true]},"uagb_author_info":{"display_name":"Bel\u00e9n Alvarez Gardiol","author_link":"https:\/\/www.hgseguridadindustrial.com.ar\/wp\/author\/"},"uagb_comment_info":0,"uagb_excerpt":"Vidrio rectangular incoloro para m\u00e1scara de soldador. Protecci\u00f3n ocular industrial. Ideal para trabajos en metalurgia. M\u00e1xima seguridad y visibilidad.","_links":{"self":[{"href":"https:\/\/www.hgseguridadindustrial.com.ar\/wp\/wp-json\/wp\/v2\/product\/3971","targetHints":{"allow":["GET"]}}],"collection":[{"href":"https:\/\/www.hgseguridadindustrial.com.ar\/wp\/wp-json\/wp\/v2\/product"}],"about":[{"href":"https:\/\/www.hgseguridadindustrial.com.ar\/wp\/wp-json\/wp\/v2\/types\/product"}],"wp:featuredmedia":[{"embeddable":true,"href":"https:\/\/www.hgseguridadindustrial.com.ar\/wp\/wp-json\/wp\/v2\/media\/4117"}],"wp:attachment":[{"href":"https:\/\/www.hgseguridadindustrial.com.ar\/wp\/wp-json\/wp\/v2\/media?parent=3971"}],"wp:term":[{"taxonomy":"product_brand","embeddable":true,"href":"https:\/\/www.hgseguridadindustrial.com.ar\/wp\/wp-json\/wp\/v2\/product_brand?post=3971"},{"taxonomy":"product_cat","embeddable":true,"href":"https:\/\/www.hgseguridadindustrial.com.ar\/wp\/wp-json\/wp\/v2\/product_cat?post=3971"},{"taxonomy":"product_tag","embeddable":true,"href":"https:\/\/www.hgseguridadindustrial.com.ar\/wp\/wp-json\/wp\/v2\/product_tag?post=3971"}],"curies":[{"name":"wp","href":"https:\/\/api.w.org\/{rel}","templated":true}]}}