{"id":3974,"date":"2025-02-19T13:16:05","date_gmt":"2025-02-19T16:16:05","guid":{"rendered":"https:\/\/www.hgseguridadindustrial.com.ar\/wp\/producto\/arnes-c-eng-espalda-y-cint-toma-front-regulable-ref-cinta-lumbar\/"},"modified":"2026-04-10T08:21:34","modified_gmt":"2026-04-10T11:21:34","slug":"arnes-c-eng-espalda-y-cint-toma-front-regulable-ref-cinta-lumbar","status":"publish","type":"product","link":"https:\/\/www.hgseguridadindustrial.com.ar\/wp\/producto\/arnes-c-eng-espalda-y-cint-toma-front-regulable-ref-cinta-lumbar\/","title":{"rendered":"Arn\u00e9s c\/eng espalda y cint, toma front, regulable, ref. cinta lumbar"},"content":{"rendered":"<p>Arn\u00e9s de seguridad con enganche dorsal y cintur\u00f3n, toma frontal regulable y cinta lumbar reforzada. Ideal para trabajos en altura en construcci\u00f3n, metalurgia e industrias no alimenticias.  M\u00e1xima protecci\u00f3n y comodidad durante tus tareas.  Dise\u00f1o robusto y duradero, garantizando tu seguridad en cada proyecto.  Ajustable para un calce perfecto.  Cumple con las normas de seguridad m\u00e1s exigentes.  Protege tu vida, invierte en seguridad.<\/p>\n","protected":false},"excerpt":{"rendered":"<p>Arn\u00e9s de seguridad con enganche dorsal y frontal, totalmente regulable. Ideal para trabajos en altura en construcci\u00f3n, metalurgia e industria. M\u00e1xima protecci\u00f3n.<\/p>\n","protected":false},"featured_media":4121,"template":"","meta":{"_acf_changed":false,"_uag_custom_page_level_css":"","site-sidebar-layout":"default","site-content-layout":"","ast-site-content-layout":"default","site-content-style":"default","site-sidebar-style":"default","ast-global-header-display":"","ast-banner-title-visibility":"","ast-main-header-display":"","ast-hfb-above-header-display":"","ast-hfb-below-header-display":"","ast-hfb-mobile-header-display":"","site-post-title":"","ast-breadcrumbs-content":"","ast-featured-img":"","footer-sml-layout":"","ast-disable-related-posts":"","theme-transparent-header-meta":"","adv-header-id-meta":"","stick-header-meta":"","header-above-stick-meta":"","header-main-stick-meta":"","header-below-stick-meta":"","astra-migrate-meta-layouts":"default","ast-page-background-enabled":"default","ast-page-background-meta":{"desktop":{"background-color":"var(--ast-global-color-4)","background-image":"","background-repeat":"repeat","background-position":"center center","background-size":"auto","background-attachment":"scroll","background-type":"","background-media":"","overlay-type":"","overlay-color":"","overlay-opacity":"","overlay-gradient":""},"tablet":{"background-color":"","background-image":"","background-repeat":"repeat","background-position":"center center","background-size":"auto","background-attachment":"scroll","background-type":"","background-media":"","overlay-type":"","overlay-color":"","overlay-opacity":"","overlay-gradient":""},"mobile":{"background-color":"","background-image":"","background-repeat":"repeat","background-position":"center center","background-size":"auto","background-attachment":"scroll","background-type":"","background-media":"","overlay-type":"","overlay-color":"","overlay-opacity":"","overlay-gradient":""}},"ast-content-background-meta":{"desktop":{"background-color":"var(--ast-global-color-5)","background-image":"","background-repeat":"repeat","background-position":"center center","background-size":"auto","background-attachment":"scroll","background-type":"","background-media":"","overlay-type":"","overlay-color":"","overlay-opacity":"","overlay-gradient":""},"tablet":{"background-color":"var(--ast-global-color-5)","background-image":"","background-repeat":"repeat","background-position":"center center","background-size":"auto","background-attachment":"scroll","background-type":"","background-media":"","overlay-type":"","overlay-color":"","overlay-opacity":"","overlay-gradient":""},"mobile":{"background-color":"var(--ast-global-color-5)","background-image":"","background-repeat":"repeat","background-position":"center center","background-size":"auto","background-attachment":"scroll","background-type":"","background-media":"","overlay-type":"","overlay-color":"","overlay-opacity":"","overlay-gradient":""}}},"product_brand":[123],"product_cat":[119],"product_tag":[],"class_list":{"0":"post-3974","1":"product","2":"type-product","3":"status-publish","4":"has-post-thumbnail","6":"product_brand-dps","7":"product_cat-proteccion-en-altura","8":"pa_rubro-industria-de-la-construccion","9":"pa_rubro-industria-no-alimenticia","10":"desktop-align-left","11":"tablet-align-left","12":"mobile-align-left","14":"first","15":"instock","16":"taxable","17":"shipping-taxable","18":"purchasable","19":"product-type-simple"},"acf":[],"uagb_featured_image_src":{"full":["https:\/\/www.hgseguridadindustrial.com.ar\/wp\/wp-content\/uploads\/2025\/02\/Arnes-Cuerpo-Comp.-3-anillos-D-uno-dorsal-anticaidas-2-en-cintura-de-Sujecion.-Toma-frontal-anticaidas-en-cinta.webp",600,814,false],"thumbnail":["https:\/\/www.hgseguridadindustrial.com.ar\/wp\/wp-content\/uploads\/2025\/02\/Arnes-Cuerpo-Comp.-3-anillos-D-uno-dorsal-anticaidas-2-en-cintura-de-Sujecion.-Toma-frontal-anticaidas-en-cinta-150x150.webp",150,150,true],"medium":["https:\/\/www.hgseguridadindustrial.com.ar\/wp\/wp-content\/uploads\/2025\/02\/Arnes-Cuerpo-Comp.-3-anillos-D-uno-dorsal-anticaidas-2-en-cintura-de-Sujecion.-Toma-frontal-anticaidas-en-cinta-221x300.webp",221,300,true],"medium_large":["https:\/\/www.hgseguridadindustrial.com.ar\/wp\/wp-content\/uploads\/2025\/02\/Arnes-Cuerpo-Comp.-3-anillos-D-uno-dorsal-anticaidas-2-en-cintura-de-Sujecion.-Toma-frontal-anticaidas-en-cinta.webp",600,814,false],"large":["https:\/\/www.hgseguridadindustrial.com.ar\/wp\/wp-content\/uploads\/2025\/02\/Arnes-Cuerpo-Comp.-3-anillos-D-uno-dorsal-anticaidas-2-en-cintura-de-Sujecion.-Toma-frontal-anticaidas-en-cinta.webp",600,814,false],"1536x1536":["https:\/\/www.hgseguridadindustrial.com.ar\/wp\/wp-content\/uploads\/2025\/02\/Arnes-Cuerpo-Comp.-3-anillos-D-uno-dorsal-anticaidas-2-en-cintura-de-Sujecion.-Toma-frontal-anticaidas-en-cinta.webp",600,814,false],"2048x2048":["https:\/\/www.hgseguridadindustrial.com.ar\/wp\/wp-content\/uploads\/2025\/02\/Arnes-Cuerpo-Comp.-3-anillos-D-uno-dorsal-anticaidas-2-en-cintura-de-Sujecion.-Toma-frontal-anticaidas-en-cinta.webp",600,814,false],"woocommerce_thumbnail":["https:\/\/www.hgseguridadindustrial.com.ar\/wp\/wp-content\/uploads\/2025\/02\/Arnes-Cuerpo-Comp.-3-anillos-D-uno-dorsal-anticaidas-2-en-cintura-de-Sujecion.-Toma-frontal-anticaidas-en-cinta-300x300.webp",300,300,true],"woocommerce_single":["https:\/\/www.hgseguridadindustrial.com.ar\/wp\/wp-content\/uploads\/2025\/02\/Arnes-Cuerpo-Comp.-3-anillos-D-uno-dorsal-anticaidas-2-en-cintura-de-Sujecion.-Toma-frontal-anticaidas-en-cinta.webp",600,814,false],"woocommerce_gallery_thumbnail":["https:\/\/www.hgseguridadindustrial.com.ar\/wp\/wp-content\/uploads\/2025\/02\/Arnes-Cuerpo-Comp.-3-anillos-D-uno-dorsal-anticaidas-2-en-cintura-de-Sujecion.-Toma-frontal-anticaidas-en-cinta-100x100.webp",100,100,true],"dgwt-wcas-product-suggestion":["https:\/\/www.hgseguridadindustrial.com.ar\/wp\/wp-content\/uploads\/2025\/02\/Arnes-Cuerpo-Comp.-3-anillos-D-uno-dorsal-anticaidas-2-en-cintura-de-Sujecion.-Toma-frontal-anticaidas-en-cinta-64x87.webp",64,87,true]},"uagb_author_info":{"display_name":"Bel\u00e9n Alvarez Gardiol","author_link":"https:\/\/www.hgseguridadindustrial.com.ar\/wp\/author\/"},"uagb_comment_info":0,"uagb_excerpt":"Arn\u00e9s de seguridad con enganche dorsal y frontal, totalmente regulable. Ideal para trabajos en altura en construcci\u00f3n, metalurgia e industria. M\u00e1xima protecci\u00f3n.","_links":{"self":[{"href":"https:\/\/www.hgseguridadindustrial.com.ar\/wp\/wp-json\/wp\/v2\/product\/3974","targetHints":{"allow":["GET"]}}],"collection":[{"href":"https:\/\/www.hgseguridadindustrial.com.ar\/wp\/wp-json\/wp\/v2\/product"}],"about":[{"href":"https:\/\/www.hgseguridadindustrial.com.ar\/wp\/wp-json\/wp\/v2\/types\/product"}],"wp:featuredmedia":[{"embeddable":true,"href":"https:\/\/www.hgseguridadindustrial.com.ar\/wp\/wp-json\/wp\/v2\/media\/4121"}],"wp:attachment":[{"href":"https:\/\/www.hgseguridadindustrial.com.ar\/wp\/wp-json\/wp\/v2\/media?parent=3974"}],"wp:term":[{"taxonomy":"product_brand","embeddable":true,"href":"https:\/\/www.hgseguridadindustrial.com.ar\/wp\/wp-json\/wp\/v2\/product_brand?post=3974"},{"taxonomy":"product_cat","embeddable":true,"href":"https:\/\/www.hgseguridadindustrial.com.ar\/wp\/wp-json\/wp\/v2\/product_cat?post=3974"},{"taxonomy":"product_tag","embeddable":true,"href":"https:\/\/www.hgseguridadindustrial.com.ar\/wp\/wp-json\/wp\/v2\/product_tag?post=3974"}],"curies":[{"name":"wp","href":"https:\/\/api.w.org\/{rel}","templated":true}]}}