{"id":4059,"date":"2025-02-19T13:16:26","date_gmt":"2025-02-19T16:16:26","guid":{"rendered":"https:\/\/www.hgseguridadindustrial.com.ar\/wp\/producto\/cofia-plisada-descartable-x-100-u\/"},"modified":"2026-04-10T08:21:34","modified_gmt":"2026-04-10T11:21:34","slug":"cofia-plisada-descartable-x-100-u","status":"publish","type":"product","link":"https:\/\/www.hgseguridadindustrial.com.ar\/wp\/producto\/cofia-plisada-descartable-x-100-u\/","title":{"rendered":"Cofia plisada descartable x 100 u"},"content":{"rendered":"<p>Cofia plisada descartable, paquete de 100 unidades.  Ideal para entornos sanitarios, laboratorios, industrias alimentarias y cualquier \u00e1rea que requiera higiene y protecci\u00f3n.  Fabricada con materiales suaves y no irritantes, garantiza comodidad durante su uso.  Su dise\u00f1o plisado ofrece un ajuste seguro y confortable.  Desechables para una higiene \u00f3ptima, evitando la contaminaci\u00f3n cruzada.  M\u00e1xima protecci\u00f3n con practicidad y econom\u00eda.  Asegura la limpieza y la salud en tu entorno.  Compra al por mayor y ahorra.<\/p>\n","protected":false},"excerpt":{"rendered":"<p>Cofia plisada descartable, paquete de 100 unidades.  M\u00e1xima higiene y protecci\u00f3n. Ideal para entornos sanitarios y alimentarios.  <\/p>\n","protected":false},"featured_media":4128,"template":"","meta":{"_acf_changed":false,"_uag_custom_page_level_css":"","site-sidebar-layout":"default","site-content-layout":"","ast-site-content-layout":"default","site-content-style":"default","site-sidebar-style":"default","ast-global-header-display":"","ast-banner-title-visibility":"","ast-main-header-display":"","ast-hfb-above-header-display":"","ast-hfb-below-header-display":"","ast-hfb-mobile-header-display":"","site-post-title":"","ast-breadcrumbs-content":"","ast-featured-img":"","footer-sml-layout":"","ast-disable-related-posts":"","theme-transparent-header-meta":"default","adv-header-id-meta":"","stick-header-meta":"","header-above-stick-meta":"","header-main-stick-meta":"","header-below-stick-meta":"","astra-migrate-meta-layouts":"set","ast-page-background-enabled":"default","ast-page-background-meta":{"desktop":{"background-color":"var(--ast-global-color-4)","background-image":"","background-repeat":"repeat","background-position":"center center","background-size":"auto","background-attachment":"scroll","background-type":"","background-media":"","overlay-type":"","overlay-color":"","overlay-opacity":"","overlay-gradient":""},"tablet":{"background-color":"","background-image":"","background-repeat":"repeat","background-position":"center center","background-size":"auto","background-attachment":"scroll","background-type":"","background-media":"","overlay-type":"","overlay-color":"","overlay-opacity":"","overlay-gradient":""},"mobile":{"background-color":"","background-image":"","background-repeat":"repeat","background-position":"center center","background-size":"auto","background-attachment":"scroll","background-type":"","background-media":"","overlay-type":"","overlay-color":"","overlay-opacity":"","overlay-gradient":""}},"ast-content-background-meta":{"desktop":{"background-color":"var(--ast-global-color-5)","background-image":"","background-repeat":"repeat","background-position":"center center","background-size":"auto","background-attachment":"scroll","background-type":"","background-media":"","overlay-type":"","overlay-color":"","overlay-opacity":"","overlay-gradient":""},"tablet":{"background-color":"var(--ast-global-color-5)","background-image":"","background-repeat":"repeat","background-position":"center center","background-size":"auto","background-attachment":"scroll","background-type":"","background-media":"","overlay-type":"","overlay-color":"","overlay-opacity":"","overlay-gradient":""},"mobile":{"background-color":"var(--ast-global-color-5)","background-image":"","background-repeat":"repeat","background-position":"center center","background-size":"auto","background-attachment":"scroll","background-type":"","background-media":"","overlay-type":"","overlay-color":"","overlay-opacity":"","overlay-gradient":""}}},"product_brand":[125],"product_cat":[122],"product_tag":[],"class_list":{"0":"post-4059","1":"product","2":"type-product","3":"status-publish","4":"has-post-thumbnail","6":"product_brand-seguridad-litoral","7":"product_cat-proteccion-general","8":"product_shipping_class-unidad","9":"desktop-align-left","10":"tablet-align-left","11":"mobile-align-left","13":"first","14":"instock","15":"taxable","16":"shipping-taxable","17":"purchasable","18":"product-type-simple"},"acf":[],"uagb_featured_image_src":{"full":["https:\/\/www.hgseguridadindustrial.com.ar\/wp\/wp-content\/uploads\/2025\/02\/cofia-plisada.webp",383,500,false],"thumbnail":["https:\/\/www.hgseguridadindustrial.com.ar\/wp\/wp-content\/uploads\/2025\/02\/cofia-plisada-150x150.webp",150,150,true],"medium":["https:\/\/www.hgseguridadindustrial.com.ar\/wp\/wp-content\/uploads\/2025\/02\/cofia-plisada-230x300.webp",230,300,true],"medium_large":["https:\/\/www.hgseguridadindustrial.com.ar\/wp\/wp-content\/uploads\/2025\/02\/cofia-plisada.webp",383,500,false],"large":["https:\/\/www.hgseguridadindustrial.com.ar\/wp\/wp-content\/uploads\/2025\/02\/cofia-plisada.webp",383,500,false],"1536x1536":["https:\/\/www.hgseguridadindustrial.com.ar\/wp\/wp-content\/uploads\/2025\/02\/cofia-plisada.webp",383,500,false],"2048x2048":["https:\/\/www.hgseguridadindustrial.com.ar\/wp\/wp-content\/uploads\/2025\/02\/cofia-plisada.webp",383,500,false],"woocommerce_thumbnail":["https:\/\/www.hgseguridadindustrial.com.ar\/wp\/wp-content\/uploads\/2025\/02\/cofia-plisada-300x300.webp",300,300,true],"woocommerce_single":["https:\/\/www.hgseguridadindustrial.com.ar\/wp\/wp-content\/uploads\/2025\/02\/cofia-plisada.webp",383,500,false],"woocommerce_gallery_thumbnail":["https:\/\/www.hgseguridadindustrial.com.ar\/wp\/wp-content\/uploads\/2025\/02\/cofia-plisada-100x100.webp",100,100,true],"dgwt-wcas-product-suggestion":["https:\/\/www.hgseguridadindustrial.com.ar\/wp\/wp-content\/uploads\/2025\/02\/cofia-plisada-64x84.webp",64,84,true]},"uagb_author_info":{"display_name":"Bel\u00e9n Alvarez Gardiol","author_link":"https:\/\/www.hgseguridadindustrial.com.ar\/wp\/author\/"},"uagb_comment_info":0,"uagb_excerpt":"Cofia plisada descartable, paquete de 100 unidades. M\u00e1xima higiene y protecci\u00f3n. Ideal para entornos sanitarios y alimentarios.","_links":{"self":[{"href":"https:\/\/www.hgseguridadindustrial.com.ar\/wp\/wp-json\/wp\/v2\/product\/4059","targetHints":{"allow":["GET"]}}],"collection":[{"href":"https:\/\/www.hgseguridadindustrial.com.ar\/wp\/wp-json\/wp\/v2\/product"}],"about":[{"href":"https:\/\/www.hgseguridadindustrial.com.ar\/wp\/wp-json\/wp\/v2\/types\/product"}],"wp:featuredmedia":[{"embeddable":true,"href":"https:\/\/www.hgseguridadindustrial.com.ar\/wp\/wp-json\/wp\/v2\/media\/4128"}],"wp:attachment":[{"href":"https:\/\/www.hgseguridadindustrial.com.ar\/wp\/wp-json\/wp\/v2\/media?parent=4059"}],"wp:term":[{"taxonomy":"product_brand","embeddable":true,"href":"https:\/\/www.hgseguridadindustrial.com.ar\/wp\/wp-json\/wp\/v2\/product_brand?post=4059"},{"taxonomy":"product_cat","embeddable":true,"href":"https:\/\/www.hgseguridadindustrial.com.ar\/wp\/wp-json\/wp\/v2\/product_cat?post=4059"},{"taxonomy":"product_tag","embeddable":true,"href":"https:\/\/www.hgseguridadindustrial.com.ar\/wp\/wp-json\/wp\/v2\/product_tag?post=4059"}],"curies":[{"name":"wp","href":"https:\/\/api.w.org\/{rel}","templated":true}]}}